{"id":5129,"date":"2024-09-19T17:40:22","date_gmt":"2024-09-19T17:40:22","guid":{"rendered":"https:\/\/felisa.com.mx\/distribuidores\/"},"modified":"2024-10-18T19:19:55","modified_gmt":"2024-10-18T19:19:55","slug":"distribuidores","status":"publish","type":"page","link":"https:\/\/felisa.com.mx\/en\/distribuidores\/","title":{"rendered":"Distributors"},"content":{"rendered":"\t\t<div data-elementor-type=\"wp-page\" data-elementor-id=\"5129\" class=\"elementor elementor-5129 elementor-2397\" data-elementor-post-type=\"page\">\n\t\t\t\t<div class=\"elementor-element elementor-element-143056e e-con-full e-flex e-con e-parent\" data-id=\"143056e\" data-element_type=\"container\">\n\t\t<div class=\"elementor-element elementor-element-0134f07 e-flex e-con-boxed e-con e-child\" data-id=\"0134f07\" data-element_type=\"container\">\n\t\t\t\t\t<div class=\"e-con-inner\">\n\t\t<div class=\"elementor-element elementor-element-3e49ca5 e-con-full e-flex e-con e-child\" data-id=\"3e49ca5\" data-element_type=\"container\">\n\t\t\t\t<div class=\"elementor-element elementor-element-c4b1f1f elementor-widget elementor-widget-heading\" data-id=\"c4b1f1f\" data-element_type=\"widget\" data-widget_type=\"heading.default\">\n\t\t\t\t<div class=\"elementor-widget-container\">\n\t\t\t<h2 class=\"elementor-heading-title elementor-size-default\">DISTRIBUTORS<\/h2>\t\t<\/div>\n\t\t\t\t<\/div>\n\t\t\t\t<div class=\"elementor-element elementor-element-03c8b1f elementor-widget elementor-widget-heading\" data-id=\"03c8b1f\" data-element_type=\"widget\" data-widget_type=\"heading.default\">\n\t\t\t\t<div class=\"elementor-widget-container\">\n\t\t\t<h3 class=\"elementor-heading-title elementor-size-default\">- BUSINESS PARTNERS -<\/h3>\t\t<\/div>\n\t\t\t\t<\/div>\n\t\t\t\t<\/div>\n\t\t\t\t\t<\/div>\n\t\t\t\t<\/div>\n\t\t\t\t<\/div>\n\t\t<div class=\"elementor-element elementor-element-e26c579 e-con-full e-flex e-con e-parent\" data-id=\"e26c579\" data-element_type=\"container\">\n\t\t<div class=\"elementor-element elementor-element-1cdc288 e-flex e-con-boxed e-con e-child\" data-id=\"1cdc288\" data-element_type=\"container\">\n\t\t\t\t\t<div class=\"e-con-inner\">\n\t\t<div class=\"elementor-element elementor-element-b5476cc e-con-full e-flex e-con e-child\" data-id=\"b5476cc\" data-element_type=\"container\">\n\t\t<div class=\"elementor-element elementor-element-4a44129 e-con-full e-flex e-con e-child\" data-id=\"4a44129\" data-element_type=\"container\">\n\t\t\t\t<div class=\"elementor-element elementor-element-6d72b4f elementor-widget elementor-widget-text-editor\" data-id=\"6d72b4f\" data-element_type=\"widget\" data-widget_type=\"text-editor.default\">\n\t\t\t\t<div class=\"elementor-widget-container\">\n\t\t\t\t\t\t\t<div class=\"page\" title=\"Page 1\">\n<div class=\"layoutArea\">\n<div class=\"column\">\n<ol>\n<li>Aguascalientes<\/li>\n<li>Campeche<\/li>\n<li>Chiapas<\/li>\n<li>Chihuahua<\/li>\n<li>Coahuila<\/li>\n<li>Mexico City<\/li>\n<li>Durango<\/li>\n<li>Guanajuato<\/li>\n<li>Jalisco<\/li>\n<li>Michoaca\u0301n<\/li>\n<li>Nuevo Le\u00f3n<\/li>\n<li>Puebla<\/li>\n<li>Quer\u00e9taro<\/li>\n<li>San Luis Potos\u00ed<\/li>\n<li>Sinaloa<\/li>\n<li>Sonora<\/li>\n<li>Tabasco<\/li>\n<li>Tamaulipas<\/li>\n<li>Veracruz<\/li>\n<li>Yucat\u00e1n<\/li>\n<\/ol>\n<\/div>\n<\/div>\n<\/div>\n\t\t\t\t\t\t<\/div>\n\t\t\t\t<\/div>\n\t\t\t\t<\/div>\n\t\t<div class=\"elementor-element elementor-element-1a31405 e-con-full e-flex e-con e-child\" data-id=\"1a31405\" data-element_type=\"container\" data-settings=\"{&quot;background_background&quot;:&quot;classic&quot;}\">\n\t\t\t\t<div class=\"elementor-element elementor-element-96cd4ea elementor-hidden-widescreen elementor-hidden-desktop elementor-hidden-laptop elementor-widget elementor-widget-image\" data-id=\"96cd4ea\" data-element_type=\"widget\" data-widget_type=\"image.default\">\n\t\t\t\t<div class=\"elementor-widget-container\">\n\t\t\t\t\t\t\t\t\t\t\t\t\t<img fetchpriority=\"high\" decoding=\"async\" width=\"430\" height=\"327\" src=\"https:\/\/felisa.com.mx\/wp-content\/uploads\/2024\/10\/mapa-con-sello-small.png\" class=\"attachment-full size-full wp-image-4967\" alt=\"\" srcset=\"https:\/\/felisa.com.mx\/wp-content\/uploads\/2024\/10\/mapa-con-sello-small.png 430w, https:\/\/felisa.com.mx\/wp-content\/uploads\/2024\/10\/mapa-con-sello-small-300x228.png 300w\" sizes=\"(max-width: 430px) 100vw, 430px\" \/>\t\t\t\t\t\t\t\t\t\t\t\t\t<\/div>\n\t\t\t\t<\/div>\n\t\t\t\t<\/div>\n\t\t\t\t<\/div>\n\t\t\t\t\t<\/div>\n\t\t\t\t<\/div>\n\t\t\t\t<\/div>\n\t\t<div class=\"elementor-element elementor-element-ba7d5ff e-flex e-con-boxed e-con e-parent\" data-id=\"ba7d5ff\" data-element_type=\"container\">\n\t\t\t\t\t<div class=\"e-con-inner\">\n\t\t<div class=\"elementor-element elementor-element-34efed8 e-con-full e-flex e-con e-child\" data-id=\"34efed8\" data-element_type=\"container\">\n\t\t<div class=\"elementor-element elementor-element-98f82d5 e-con-full e-flex e-con e-child\" data-id=\"98f82d5\" data-element_type=\"container\">\n\t\t\t\t<div class=\"elementor-element elementor-element-4e6133c elementor-widget elementor-widget-heading\" data-id=\"4e6133c\" data-element_type=\"widget\" data-widget_type=\"heading.default\">\n\t\t\t\t<div class=\"elementor-widget-container\">\n\t\t\t<h2 class=\"elementor-heading-title elementor-size-default\">LIST OF<\/h2>\t\t<\/div>\n\t\t\t\t<\/div>\n\t\t\t\t<div class=\"elementor-element elementor-element-8f1272b elementor-widget elementor-widget-heading\" data-id=\"8f1272b\" data-element_type=\"widget\" data-widget_type=\"heading.default\">\n\t\t\t\t<div class=\"elementor-widget-container\">\n\t\t\t<h3 class=\"elementor-heading-title elementor-size-default\">- BUSINESS PARTNERS -  <\/h3>\t\t<\/div>\n\t\t\t\t<\/div>\n\t\t\t\t<\/div>\n\t\t<div class=\"elementor-element elementor-element-891ef89 e-con-full e-flex e-con e-child\" data-id=\"891ef89\" data-element_type=\"container\">\n\t\t<div class=\"elementor-element elementor-element-f08f76f e-con-full e-flex e-con e-child\" data-id=\"f08f76f\" data-element_type=\"container\">\n\t\t<div class=\"elementor-element elementor-element-3cd0ca1 e-con-full e-flex e-con e-child\" data-id=\"3cd0ca1\" data-element_type=\"container\">\n\t\t\t\t<div class=\"elementor-element elementor-element-1da7a5c elementor-widget elementor-widget-heading\" data-id=\"1da7a5c\" data-element_type=\"widget\" data-widget_type=\"heading.default\">\n\t\t\t\t<div class=\"elementor-widget-container\">\n\t\t\t<h3 class=\"elementor-heading-title elementor-size-default\">COMPLETE LIST<\/h3>\t\t<\/div>\n\t\t\t\t<\/div>\n\t\t<div class=\"elementor-element elementor-element-a239585 e-con-full e-flex e-con e-child\" data-id=\"a239585\" data-element_type=\"container\">\n\t\t\t\t<div class=\"elementor-element elementor-element-1cf2104 elementor-widget elementor-widget-text-editor\" data-id=\"1cf2104\" data-element_type=\"widget\" data-widget_type=\"text-editor.default\">\n\t\t\t\t<div class=\"elementor-widget-container\">\n\t\t\t\t\t\t\t<h6>EL CRISOL, S.A. DE C.V.<\/h6><hr \/><h6>EQUIPAR, S.A. DE C.V.<\/h6><hr \/><h6>LAB-TECH INSTRUMENTACION, S.A. DE C.V.<\/h6><hr \/><h6>ERICA ELIZABETH BENITEZ<\/h6><hr \/><h6>LAUKA MEXICANA, S.A. DE C.V.<\/h6><hr \/><h6>PROVEEDOR CIENTIFICO, S.A. DE C.V.<\/h6><hr \/><h6>REPRESAS., S.A. DE C.V.<\/h6><hr \/><h6>JAXAQUIM, S.A. DE C.V.<\/h6><hr \/><h6>CIENTIFICA VELAQUIN, S.A. DE C.V.<\/h6><hr \/><h6>QUIMICOS REYEM, S.A. DE C.V.<\/h6><hr \/><h6>SANROCH DISTRIBUCION, S DE R.L. DE C.V.<\/h6><hr \/><h6>LEYVITEC LABORATORIOS, S.A. DE C.V.<\/h6><hr \/><h6>COCIBA, S.A. DE C.V.<\/h6><hr \/><h6>SURTIDOR QUIMICO DEL CENTRO, S.A. DE C.V.<\/h6><hr \/><h6>DISTRIBUIDORA QUIABSA, S.A. DE C.V.<\/h6><hr \/><h6>DISTRIBUIDORA CORA DEL CENTRO, S.A. DE C.V.<\/h6><hr \/><h6>INDUSTRIAL KEM DE LEON, S.A. E C.V.<\/h6><hr \/><h6>APARATOS Y REACTIVOS, S.A. DE CV.<\/h6><hr \/><h6>DISTRIBUIDORA KHEMIA, S.A. DE C.V.<\/h6><hr \/><h6>CONSORCIO CIENTIFICO DEL BAJIO, S.A. DE C.V.<\/h6><hr \/><h6>CTR, S.A. DE C.V.<\/h6><hr \/><h6>DISTRIBUIDORA KHEMIA, S.A. DE C.V.<\/h6><hr \/><h6>GRUPO COMSURLAB; S.A. DE C.V.<\/h6><hr \/><h6>DIST.CORA DEL GOLFO, S.A. DE .CV.<\/h6><hr \/><h6>STORELAB, S.A. DE C.V.<\/h6><hr \/><h6>QUIMICA CIENTIFICA DE MAZATLAN, S.A. DE C.V.<\/h6><hr \/><h6>ESPLASA, S.A. DE C.V.<\/h6><hr \/><h6>NUEVA TECNOLOGIA EN LABORATORIOS, S.A. DE C.V.<\/h6><hr \/><h6>SUMILAB, S.A. DE C.V.<\/h6><hr \/><h6>PROVEEDORA DE LABS. DEL NOROESTE, S.A. DE C.V.<\/h6><hr \/><h6>DISTRIBUCION Y MANT. DEL NOROESTE, S.A. DE C.V.<\/h6><hr \/><h6>QUIMICA ESP DEL NOROESTE, S.A. DE C.V.<\/h6><hr \/><h6>QUI LAB, S.A. DE C.V.<\/h6><hr \/><h6>STORELAB, S.A. DE C.V.<\/h6><hr \/><h6>MERIEQUIPOS, S.A DE C.V.<\/h6><hr \/><h6>BEATRIZ EUGENIA MEDINA LARA<\/h6><hr \/><h6>FAVELAB; S.A. DE C.V.<\/h6>\t\t\t\t\t\t<\/div>\n\t\t\t\t<\/div>\n\t\t\t\t<\/div>\n\t\t\t\t<div class=\"elementor-element elementor-element-d603ad2 elementor-widget-divider--view-line elementor-widget elementor-widget-divider\" data-id=\"d603ad2\" data-element_type=\"widget\" data-widget_type=\"divider.default\">\n\t\t\t\t<div class=\"elementor-widget-container\">\n\t\t\t\t\t<div class=\"elementor-divider\">\n\t\t\t<span class=\"elementor-divider-separator\">\n\t\t\t\t\t\t<\/span>\n\t\t<\/div>\n\t\t\t\t<\/div>\n\t\t\t\t<\/div>\n\t\t\t\t<div class=\"elementor-element elementor-element-cf84b16 elementor-widget elementor-widget-heading\" data-id=\"cf84b16\" data-element_type=\"widget\" data-widget_type=\"heading.default\">\n\t\t\t\t<div class=\"elementor-widget-container\">\n\t\t\t<h4 class=\"elementor-heading-title elementor-size-default\">EXPORTATION<\/h4>\t\t<\/div>\n\t\t\t\t<\/div>\n\t\t<div class=\"elementor-element elementor-element-160d3f9 e-con-full e-flex e-con e-child\" data-id=\"160d3f9\" data-element_type=\"container\">\n\t\t\t\t<div class=\"elementor-element elementor-element-6e45a07 elementor-widget elementor-widget-text-editor\" data-id=\"6e45a07\" data-element_type=\"widget\" data-widget_type=\"text-editor.default\">\n\t\t\t\t<div class=\"elementor-widget-container\">\n\t\t\t\t\t\t\t<h6>ACQUA; S.A. DE C.V.<\/h6>\n<hr \/>\n<h6 class=\"p1\">DIDACTA INTERNACIONAL, C.A.<\/h6>\n\t\t\t\t\t\t<\/div>\n\t\t\t\t<\/div>\n\t\t\t\t<\/div>\n\t\t\t\t<\/div>\n\t\t\t\t<\/div>\n\t\t\t\t<\/div>\n\t\t\t\t<\/div>\n\t\t\t\t\t<\/div>\n\t\t\t\t<\/div>\n\t\t<div class=\"elementor-element elementor-element-8e926ac e-con-full e-flex e-con e-parent\" data-id=\"8e926ac\" data-element_type=\"container\">\n\t\t<div class=\"elementor-element elementor-element-aa4731d e-flex e-con-boxed e-con e-child\" data-id=\"aa4731d\" data-element_type=\"container\" data-settings=\"{&quot;background_background&quot;:&quot;classic&quot;}\">\n\t\t\t\t\t<div class=\"e-con-inner\">\n\t\t<div class=\"elementor-element elementor-element-f73efb9 e-con-full e-flex e-con e-child\" data-id=\"f73efb9\" data-element_type=\"container\" data-settings=\"{&quot;background_background&quot;:&quot;classic&quot;}\">\n\t\t\t\t<div class=\"elementor-element elementor-element-211c42f elementor-arrows-position-inside elementor-widget elementor-widget-n-carousel\" data-id=\"211c42f\" data-element_type=\"widget\" data-settings=\"{&quot;carousel_items&quot;:[{&quot;slide_title&quot;:&quot;Slide #1&quot;,&quot;_id&quot;:&quot;6dbc7e4&quot;},{&quot;slide_title&quot;:&quot;Slide #2&quot;,&quot;_id&quot;:&quot;8c3001a&quot;},{&quot;slide_title&quot;:&quot;Slide #3&quot;,&quot;_id&quot;:&quot;69cd731&quot;},{&quot;_id&quot;:&quot;1643c92&quot;,&quot;slide_title&quot;:&quot;Slide #4&quot;},{&quot;_id&quot;:&quot;918bf5b&quot;,&quot;slide_title&quot;:&quot;Slide #5&quot;},{&quot;_id&quot;:&quot;baeb563&quot;,&quot;slide_title&quot;:&quot;Diapositiva n\\u00ba 6&quot;}],&quot;image_spacing_custom&quot;:{&quot;unit&quot;:&quot;px&quot;,&quot;size&quot;:20,&quot;sizes&quot;:[]},&quot;slides_to_show&quot;:&quot;4&quot;,&quot;slides_to_show_laptop&quot;:&quot;3&quot;,&quot;autoplay_speed&quot;:3000,&quot;slides_to_show_tablet&quot;:&quot;2&quot;,&quot;slides_to_show_mobile&quot;:&quot;1&quot;,&quot;autoplay&quot;:&quot;yes&quot;,&quot;pause_on_interaction&quot;:&quot;yes&quot;,&quot;infinite&quot;:&quot;yes&quot;,&quot;speed&quot;:500,&quot;offset_sides&quot;:&quot;none&quot;,&quot;arrows&quot;:&quot;yes&quot;,&quot;image_spacing_custom_widescreen&quot;:{&quot;unit&quot;:&quot;px&quot;,&quot;size&quot;:&quot;&quot;,&quot;sizes&quot;:[]},&quot;image_spacing_custom_laptop&quot;:{&quot;unit&quot;:&quot;px&quot;,&quot;size&quot;:&quot;&quot;,&quot;sizes&quot;:[]},&quot;image_spacing_custom_tablet&quot;:{&quot;unit&quot;:&quot;px&quot;,&quot;size&quot;:&quot;&quot;,&quot;sizes&quot;:[]},&quot;image_spacing_custom_mobile&quot;:{&quot;unit&quot;:&quot;px&quot;,&quot;size&quot;:&quot;&quot;,&quot;sizes&quot;:[]}}\" data-widget_type=\"nested-carousel.default\">\n\t\t\t\t<div class=\"elementor-widget-container\">\n\t\t\t\t\t<div class=\"e-n-carousel swiper\" dir=\"ltr\">\n\t\t\t<div class=\"swiper-wrapper\" aria-live=\"off\">\n\t\t\t\t\t\t\t\t\t\t<div class=\"swiper-slide\" data-slide=\"1\" role=\"group\" aria-roledescription=\"slide\" aria-label=\"1 of 6\">\n\t\t\t\t\t\t\t<div class=\"elementor-element elementor-element-5761870 e-flex e-con-boxed e-con e-child\" data-id=\"5761870\" data-element_type=\"container\">\n\t\t\t\t\t<div class=\"e-con-inner\">\n\t\t<div class=\"elementor-element elementor-element-e62b492 e-con-full e-flex e-con e-child\" data-id=\"e62b492\" data-element_type=\"container\" data-settings=\"{&quot;background_background&quot;:&quot;classic&quot;}\">\n\t\t\t\t<div class=\"elementor-element elementor-element-e3a8b2a elementor-widget elementor-widget-image\" data-id=\"e3a8b2a\" data-element_type=\"widget\" data-widget_type=\"image.default\">\n\t\t\t\t<div class=\"elementor-widget-container\">\n\t\t\t\t\t\t\t\t\t\t\t\t\t<img decoding=\"async\" width=\"250\" height=\"300\" src=\"https:\/\/felisa.com.mx\/wp-content\/uploads\/2024\/10\/logo-jaxaquim-large.png\" class=\"attachment-full size-full wp-image-3906\" alt=\"\" \/>\t\t\t\t\t\t\t\t\t\t\t\t\t<\/div>\n\t\t\t\t<\/div>\n\t\t\t\t<\/div>\n\t\t\t\t\t<\/div>\n\t\t\t\t<\/div>\n\t\t\t\t\t\t\t\t<\/div>\n\t\t\t\t\t\t\t\t\t\t\t<div class=\"swiper-slide\" data-slide=\"2\" role=\"group\" aria-roledescription=\"slide\" aria-label=\"2 of 6\">\n\t\t\t\t\t\t\t<div class=\"elementor-element elementor-element-eb6223d e-flex e-con-boxed e-con e-child\" data-id=\"eb6223d\" data-element_type=\"container\">\n\t\t\t\t\t<div class=\"e-con-inner\">\n\t\t<div class=\"elementor-element elementor-element-0929a60 e-con-full e-flex e-con e-child\" data-id=\"0929a60\" data-element_type=\"container\" data-settings=\"{&quot;background_background&quot;:&quot;classic&quot;}\">\n\t\t\t\t<div class=\"elementor-element elementor-element-0ae257d elementor-widget elementor-widget-image\" data-id=\"0ae257d\" data-element_type=\"widget\" data-widget_type=\"image.default\">\n\t\t\t\t<div class=\"elementor-widget-container\">\n\t\t\t\t\t\t\t\t\t\t\t\t\t<img decoding=\"async\" width=\"250\" height=\"300\" src=\"https:\/\/felisa.com.mx\/wp-content\/uploads\/2024\/10\/logo-el-crisol-large.png\" class=\"attachment-full size-full wp-image-3908\" alt=\"\" \/>\t\t\t\t\t\t\t\t\t\t\t\t\t<\/div>\n\t\t\t\t<\/div>\n\t\t\t\t<\/div>\n\t\t\t\t\t<\/div>\n\t\t\t\t<\/div>\n\t\t\t\t\t\t\t\t<\/div>\n\t\t\t\t\t\t\t\t\t\t\t<div class=\"swiper-slide\" data-slide=\"3\" role=\"group\" aria-roledescription=\"slide\" aria-label=\"3 of 6\">\n\t\t\t\t\t\t\t<div class=\"elementor-element elementor-element-d8db67b e-flex e-con-boxed e-con e-child\" data-id=\"d8db67b\" data-element_type=\"container\">\n\t\t\t\t\t<div class=\"e-con-inner\">\n\t\t<div class=\"elementor-element elementor-element-e724926 e-con-full e-flex e-con e-child\" data-id=\"e724926\" data-element_type=\"container\" data-settings=\"{&quot;background_background&quot;:&quot;classic&quot;}\">\n\t\t\t\t<div class=\"elementor-element elementor-element-028ea27 elementor-widget elementor-widget-image\" data-id=\"028ea27\" data-element_type=\"widget\" data-widget_type=\"image.default\">\n\t\t\t\t<div class=\"elementor-widget-container\">\n\t\t\t\t\t\t\t\t\t\t\t\t\t<img loading=\"lazy\" decoding=\"async\" width=\"250\" height=\"300\" src=\"https:\/\/felisa.com.mx\/wp-content\/uploads\/2024\/10\/logo-leyvitec-large.png\" class=\"attachment-full size-full wp-image-3910\" alt=\"\" \/>\t\t\t\t\t\t\t\t\t\t\t\t\t<\/div>\n\t\t\t\t<\/div>\n\t\t\t\t<\/div>\n\t\t\t\t\t<\/div>\n\t\t\t\t<\/div>\n\t\t\t\t\t\t\t\t<\/div>\n\t\t\t\t\t\t\t\t\t\t\t<div class=\"swiper-slide\" data-slide=\"4\" role=\"group\" aria-roledescription=\"slide\" aria-label=\"4 of 6\">\n\t\t\t\t\t\t\t<div class=\"elementor-element elementor-element-a85be49 e-flex e-con-boxed e-con e-child\" data-id=\"a85be49\" data-element_type=\"container\">\n\t\t\t\t\t<div class=\"e-con-inner\">\n\t\t<div class=\"elementor-element elementor-element-1f44a96 e-con-full e-flex e-con e-child\" data-id=\"1f44a96\" data-element_type=\"container\" data-settings=\"{&quot;background_background&quot;:&quot;classic&quot;}\">\n\t\t\t\t<div class=\"elementor-element elementor-element-44a741e elementor-widget elementor-widget-image\" data-id=\"44a741e\" data-element_type=\"widget\" data-widget_type=\"image.default\">\n\t\t\t\t<div class=\"elementor-widget-container\">\n\t\t\t\t\t\t\t\t\t\t\t\t\t<img loading=\"lazy\" decoding=\"async\" width=\"250\" height=\"300\" src=\"https:\/\/felisa.com.mx\/wp-content\/uploads\/2024\/10\/logo-ctr-large.png\" class=\"attachment-full size-full wp-image-3912\" alt=\"\" \/>\t\t\t\t\t\t\t\t\t\t\t\t\t<\/div>\n\t\t\t\t<\/div>\n\t\t\t\t<\/div>\n\t\t\t\t\t<\/div>\n\t\t\t\t<\/div>\n\t\t\t\t\t\t\t\t<\/div>\n\t\t\t\t\t\t\t\t\t\t\t<div class=\"swiper-slide\" data-slide=\"5\" role=\"group\" aria-roledescription=\"slide\" aria-label=\"5 of 6\">\n\t\t\t\t\t\t\t<div class=\"elementor-element elementor-element-ca649b2 e-flex e-con-boxed e-con e-child\" data-id=\"ca649b2\" data-element_type=\"container\">\n\t\t\t\t\t<div class=\"e-con-inner\">\n\t\t<div class=\"elementor-element elementor-element-fa6622e e-con-full e-flex e-con e-child\" data-id=\"fa6622e\" data-element_type=\"container\" data-settings=\"{&quot;background_background&quot;:&quot;classic&quot;}\">\n\t\t\t\t<div class=\"elementor-element elementor-element-cd3c39f elementor-widget elementor-widget-image\" data-id=\"cd3c39f\" data-element_type=\"widget\" data-widget_type=\"image.default\">\n\t\t\t\t<div class=\"elementor-widget-container\">\n\t\t\t\t\t\t\t\t\t\t\t\t\t<img loading=\"lazy\" decoding=\"async\" width=\"250\" height=\"300\" src=\"https:\/\/felisa.com.mx\/wp-content\/uploads\/2024\/10\/logo-tac-lab-large.png\" class=\"attachment-full size-full wp-image-3914\" alt=\"\" \/>\t\t\t\t\t\t\t\t\t\t\t\t\t<\/div>\n\t\t\t\t<\/div>\n\t\t\t\t<\/div>\n\t\t\t\t\t<\/div>\n\t\t\t\t<\/div>\n\t\t\t\t\t\t\t\t<\/div>\n\t\t\t\t\t\t\t\t\t\t\t<div class=\"swiper-slide\" data-slide=\"6\" role=\"group\" aria-roledescription=\"slide\" aria-label=\"6 of 6\">\n\t\t\t\t\t\t\t<div class=\"elementor-element elementor-element-0026d8c e-flex e-con-boxed e-con e-child\" data-id=\"0026d8c\" data-element_type=\"container\">\n\t\t\t\t\t<div class=\"e-con-inner\">\n\t\t<div class=\"elementor-element elementor-element-1bb3358 e-con-full e-flex e-con e-child\" data-id=\"1bb3358\" data-element_type=\"container\" data-settings=\"{&quot;background_background&quot;:&quot;classic&quot;}\">\n\t\t\t\t<div class=\"elementor-element elementor-element-1769ffa elementor-widget elementor-widget-image\" data-id=\"1769ffa\" data-element_type=\"widget\" data-widget_type=\"image.default\">\n\t\t\t\t<div class=\"elementor-widget-container\">\n\t\t\t\t\t\t\t\t\t\t\t\t\t<img loading=\"lazy\" decoding=\"async\" width=\"250\" height=\"300\" src=\"https:\/\/felisa.com.mx\/wp-content\/uploads\/2024\/10\/logo-equipar-large.png\" class=\"attachment-full size-full wp-image-4952\" alt=\"\" \/>\t\t\t\t\t\t\t\t\t\t\t\t\t<\/div>\n\t\t\t\t<\/div>\n\t\t\t\t<\/div>\n\t\t\t\t\t<\/div>\n\t\t\t\t<\/div>\n\t\t\t\t\t\t\t\t<\/div>\n\t\t\t\t\t\t\t\t<\/div>\n\t\t<\/div>\n\t\t\t\t\t<div class=\"elementor-swiper-button elementor-swiper-button-prev\" role=\"button\" tabindex=\"0\">\n\t\t\t\t<svg aria-hidden=\"true\" class=\"e-font-icon-svg e-eicon-chevron-left\" viewBox=\"0 0 1000 1000\" xmlns=\"http:\/\/www.w3.org\/2000\/svg\"><path d=\"M646 125C629 125 613 133 604 142L308 442C296 454 292 471 292 487 292 504 296 521 308 533L604 854C617 867 629 875 646 875 663 875 679 871 692 858 704 846 713 829 713 812 713 796 708 779 692 767L438 487 692 225C700 217 708 204 708 187 708 171 704 154 692 142 675 129 663 125 646 125Z\"><\/path><\/svg>\t\t\t<\/div>\n\t\t\t<div class=\"elementor-swiper-button elementor-swiper-button-next\" role=\"button\" tabindex=\"0\">\n\t\t\t\t<svg aria-hidden=\"true\" class=\"e-font-icon-svg e-eicon-chevron-right\" viewBox=\"0 0 1000 1000\" xmlns=\"http:\/\/www.w3.org\/2000\/svg\"><path d=\"M696 533C708 521 713 504 713 487 713 471 708 454 696 446L400 146C388 133 375 125 354 125 338 125 325 129 313 142 300 154 292 171 292 187 292 204 296 221 308 233L563 492 304 771C292 783 288 800 288 817 288 833 296 850 308 863 321 871 338 875 354 875 371 875 388 867 400 854L696 533Z\"><\/path><\/svg>\t\t\t<\/div>\n\t\t\t\t<\/div>\n\t\t\t\t<\/div>\n\t\t\t\t<\/div>\n\t\t\t\t\t<\/div>\n\t\t\t\t<\/div>\n\t\t\t\t<\/div>\n\t\t\t\t<\/div>\n\t\t","protected":false},"excerpt":{"rendered":"<p>DISTRIBUTORS &#8211; BUSINESS PARTNERS &#8211; Aguascalientes Campeche Chiapas Chihuahua Coahuila Mexico City Durango Guanajuato Jalisco Michoaca\u0301n Nuevo Le\u00f3n Puebla Quer\u00e9taro San Luis Potos\u00ed Sinaloa Sonora Tabasco Tamaulipas Veracruz Yucat\u00e1n LIST OF &#8211; BUSINESS PARTNERS &#8211; COMPLETE LIST EL CRISOL, S.A. DE C.V. EQUIPAR, S.A. DE C.V. LAB-TECH INSTRUMENTACION, S.A. DE C.V. ERICA ELIZABETH BENITEZ LAUKA [&hellip;]<\/p>\n","protected":false},"author":5,"featured_media":0,"parent":0,"menu_order":0,"comment_status":"closed","ping_status":"closed","template":"","meta":{"_acf_changed":false,"footnotes":""},"class_list":["post-5129","page","type-page","status-publish","hentry"],"acf":[],"aioseo_notices":[],"_links":{"self":[{"href":"https:\/\/felisa.com.mx\/en\/wp-json\/wp\/v2\/pages\/5129"}],"collection":[{"href":"https:\/\/felisa.com.mx\/en\/wp-json\/wp\/v2\/pages"}],"about":[{"href":"https:\/\/felisa.com.mx\/en\/wp-json\/wp\/v2\/types\/page"}],"author":[{"embeddable":true,"href":"https:\/\/felisa.com.mx\/en\/wp-json\/wp\/v2\/users\/5"}],"replies":[{"embeddable":true,"href":"https:\/\/felisa.com.mx\/en\/wp-json\/wp\/v2\/comments?post=5129"}],"version-history":[{"count":26,"href":"https:\/\/felisa.com.mx\/en\/wp-json\/wp\/v2\/pages\/5129\/revisions"}],"predecessor-version":[{"id":6103,"href":"https:\/\/felisa.com.mx\/en\/wp-json\/wp\/v2\/pages\/5129\/revisions\/6103"}],"wp:attachment":[{"href":"https:\/\/felisa.com.mx\/en\/wp-json\/wp\/v2\/media?parent=5129"}],"curies":[{"name":"wp","href":"https:\/\/api.w.org\/{rel}","templated":true}]}}