{"id":5135,"date":"2024-10-03T18:19:47","date_gmt":"2024-10-03T18:19:47","guid":{"rendered":"https:\/\/felisa.com.mx\/terminos-y-condiciones\/"},"modified":"2024-10-09T18:52:19","modified_gmt":"2024-10-09T18:52:19","slug":"terminos-y-condiciones","status":"publish","type":"page","link":"https:\/\/felisa.com.mx\/en\/terminos-y-condiciones\/","title":{"rendered":"T\u00e9rminos y condiciones"},"content":{"rendered":"\t\t<div data-elementor-type=\"wp-page\" data-elementor-id=\"5135\" class=\"elementor elementor-5135 elementor-3391\" data-elementor-post-type=\"page\">\n\t\t\t\t<div class=\"elementor-element elementor-element-f66a90a e-con-full e-flex e-con e-parent\" data-id=\"f66a90a\" data-element_type=\"container\">\n\t\t<div class=\"elementor-element elementor-element-7439f5a e-flex e-con-boxed e-con e-child\" data-id=\"7439f5a\" data-element_type=\"container\">\n\t\t\t\t\t<div class=\"e-con-inner\">\n\t\t<div class=\"elementor-element elementor-element-6ee9241 e-con-full e-flex e-con e-child\" data-id=\"6ee9241\" data-element_type=\"container\">\n\t\t\t\t<div class=\"elementor-element elementor-element-55b7dff elementor-widget elementor-widget-theme-post-title elementor-page-title elementor-widget-heading\" data-id=\"55b7dff\" data-element_type=\"widget\" data-widget_type=\"theme-post-title.default\">\n\t\t\t\t<div class=\"elementor-widget-container\">\n\t\t\t<h1 class=\"elementor-heading-title elementor-size-default\">T\u00e9rminos y condiciones<\/h1>\t\t<\/div>\n\t\t\t\t<\/div>\n\t\t\t\t<\/div>\n\t\t\t\t\t<\/div>\n\t\t\t\t<\/div>\n\t\t\t\t<\/div>\n\t\t<div class=\"elementor-element elementor-element-74ae8b3 e-con-full e-flex e-con e-parent\" data-id=\"74ae8b3\" data-element_type=\"container\">\n\t\t<div class=\"elementor-element elementor-element-fd25013 e-flex e-con-boxed e-con e-child\" data-id=\"fd25013\" data-element_type=\"container\">\n\t\t\t\t\t<div class=\"e-con-inner\">\n\t\t<div class=\"elementor-element elementor-element-5fb7688 e-con-full e-flex e-con e-child\" data-id=\"5fb7688\" data-element_type=\"container\">\n\t\t\t\t<div class=\"elementor-element elementor-element-3a604cb elementor-widget elementor-widget-text-editor\" data-id=\"3a604cb\" data-element_type=\"widget\" data-widget_type=\"text-editor.default\">\n\t\t\t\t<div class=\"elementor-widget-container\">\n\t\t\t\t\t\t\t\r\n<p>A los Usuarios, les informamos que los siguientes T\u00e9rminos y Condiciones les son aplicables por el simple uso o acceso a cualquiera de las p\u00e1ginas, aplicaciones web y m\u00f3viles, softwares y, aplicaciones en general, que integran el Portal de www.felisa.com.mx (en adelante y, conjunta e indistintamente, el &#8220;Portal&#8221;), por lo que entenderemos que los acepta y acuerda en obligarse a su cumplimiento.<strong>\u00a0<\/strong><strong>En el caso de que no est\u00e9 de acuerdo con los T\u00e9rminos y Condiciones deber\u00e1 abstenerse de acceder o utilizar el Portal.<\/strong><\/p>\r\n\r\n<p>Fabricantes Feligneo S.A. de C.V. y\/o sus subsidiarias, controladoras, partes relacionadas y afiliadas (en adelante y, conjunta e indistintamente, la \u201cEmpresa\u201d) se reservan el derecho de modificar discrecionalmente el contenido del Portal en cualquier momento, sin necesidad de previo aviso.<\/p>\r\n\r\n<p>El Usuario, entendido como aquella persona que realiza el uso o accede al Portal, mediante equipo de c\u00f3mputo y\/o cualquier equipo de comunicaci\u00f3n o dispositivo (en adelante el \u201cUsuario\u201d), conviene en no utilizar dispositivos, software, o cualquier otro medio tendiente a interferir tanto en las actividades y\/u operaciones del Portal, en las bases de datos y\/o informaci\u00f3n que se contenga en el mismo.<\/p>\r\n\r\n<p><strong>1. USO Y RESTRICCIONES<\/strong>. El acceso o utilizaci\u00f3n del Portal expresan la adhesi\u00f3n plena y sin reservas del Usuario a los presentes T\u00e9rminos y Condiciones. A trav\u00e9s del Portal, el Usuario se servir\u00e1, contratar\u00e1 y\/o utilizar\u00e1 diversos servicios y contenidos (los &#8220;Servicios y Contenidos&#8221;), puestos a disposici\u00f3n por la Empresa. La Empresa tendr\u00e1 el derecho a negar, restringir o condicionar al Usuario el acceso al Portal, total o parcialmente, a su entera discreci\u00f3n, as\u00ed como a modificar los Servicios y Contenidos del Portal en cualquier momento y sin necesidad de previo aviso.<\/p>\r\n\r\n<p>El Usuario reconoce que no todos los Servicios y Contenidos est\u00e1n disponibles en todas las \u00e1reas geogr\u00e1ficas y que algunos Servicios y Contenidos pueden ser utilizados solamente con posterioridad a su contrataci\u00f3n, activaci\u00f3n o registro previo por el Usuario y\/o mediante el pago de estos. La Empresa no garantiza la disponibilidad y continuidad de la operaci\u00f3n del Portal y de los Servicios y Contenidos, ni la utilidad del Portal o los Servicios y Contenidos en relaci\u00f3n con cualquier actividad espec\u00edfica, independientemente del medio de acceso que utilice el Usuario. La Empresa no ser\u00e1 responsable por da\u00f1o o p\u00e9rdida alguna de cualquier naturaleza que pueda ser causado debido a la falta de disponibilidad o continuidad de operaci\u00f3n del Portal y\/o de los Servicios y Contenidos.<\/p>\r\n\r\n<p>El aprovechamiento de los Servicios y Contenidos en el Portal, es exclusiva responsabilidad del Usuario, quien en todo caso deber\u00e1 servirse de ellos acorde a las funcionalidades permitidas en el propio Portal y a los usos autorizados en los presentes T\u00e9rminos y Condiciones, por lo que el Usuario se obliga a utilizarlos de tal modo que no contravengan las buenas costumbres, los derechos de terceros, las normas de uso y convivencia en Internet, las leyes de los Estados Unidos Mexicanos y, la legislaci\u00f3n vigente en el pa\u00eds en que el Usuario se encuentre al acceder al Portal y usar los Servicios y Contenidos. El Portal es para el uso individual del Usuario por lo que no podr\u00e1 comercializar de manera alguna los Servicios y Contenidos.\u00a0<\/p>\r\n\r\n<p><strong>2. RESTRICCIONES<\/strong>. El Usuario no tiene el derecho de colocar h\u00edper ligas dentro del Portal, a utilizar las ligas del Portal, ni el derecho de colocar o utilizar los Servicios y Contenidos en sitios o p\u00e1ginas propias o de terceros sin autorizaci\u00f3n previa y por escrito de la Empresa. El Usuario no podr\u00e1 impedir a cualquier otro Usuario el uso del Portal ni de los Servicios y Contenidos.\u00a0<\/p>\r\n\r\n<p><strong>3. PROPIEDAD INTELECTUAL<\/strong>. Los derechos de propiedad intelectual, propiedad industrial respecto de los Servicios y Contenidos, los signos distintivos y dominios de las P\u00e1ginas o del Portal, as\u00ed como los derechos de uso y explotaci\u00f3n de estos, incluyendo de manera enunciativa m\u00e1s no limitativa, su divulgaci\u00f3n, publicaci\u00f3n, reproducci\u00f3n, distribuci\u00f3n y transformaci\u00f3n, son propiedad exclusiva de la Empresa. El Usuario no adquiere ning\u00fan derecho de propiedad intelectual y\/o industrial por el simple uso o acceso de los Servicios y Contenidos del Portal y, en ning\u00fan momento, dicho uso ser\u00e1 considerado como una autorizaci\u00f3n o licencia para utilizar los Servicios y Contenidos con fines distintos a los que se contemplan en los presentes T\u00e9rminos y Condiciones.\u00a0<\/p>\r\n\r\n<p><strong>4. PROPIEDAD INTELECTUAL DE TERCEROS<\/strong>. El Usuario acuerda que las disposiciones que se establecen en el art\u00edculo 3 anterior respecto de la titularidad de los derechos de la Empresa, tambi\u00e9n son aplicables a los derechos de terceros respecto de los Servicios y Contenidos de las P\u00e1ginas, dominios o informaci\u00f3n presentada o vinculada al Portal.<\/p>\r\n\r\n<p><strong>5. CALIDAD DE LOS SERVICIOS Y CONTENIDOS Y SUS GARANT\u00cdAS<\/strong>. Ni la Empresa, ni sus proveedores o socios comerciales, ser\u00e1n responsables de cualquier da\u00f1o o perjuicio que sufra el Usuario a consecuencia de inexactitudes, consultas realizadas, asesor\u00edas, errores tipogr\u00e1ficos y cambios o mejoras que se realicen peri\u00f3dicamente a los Servicios y Contenidos. Las recomendaciones y consejos obtenidos a trav\u00e9s del Portal son de naturaleza general, por lo que no deben tomarse en cuenta en la adopci\u00f3n de decisiones personales ni profesionales. Para ello, se debe consultar a un profesional apropiado que pueda asesorar al Usuario de acuerdo con sus necesidades espec\u00edficas.<\/p>\r\n\r\n<p>La Empresa ofrece los Servicios y Contenidos con un nivel de competencia y diligencia razonable desde un punto de vista comercial, sin embargo, no ofrece ning\u00fan tipo de garant\u00eda en relaci\u00f3n con estos. El Portal es proporcionado por la Empresa &#8220;tal como est\u00e1&#8221; y &#8220;seg\u00fan disponibilidad&#8221;. La Empresa no manifiesta ninguna representaci\u00f3n o garant\u00eda de ning\u00fan tipo, expresa o impl\u00edcita, en relaci\u00f3n con la operaci\u00f3n del Portal, informaci\u00f3n, contenido, materiales o productos incluidos. El Usuario acepta expresamente que el uso del Portal es bajo su propio riesgo. La Empresa se reserva el derecho a remover o eliminar cualquier informaci\u00f3n del Portal, en cualquier momento, a su entera discreci\u00f3n. Ni la Empresa, ni sus proveedores o distribuidores ofrecen garant\u00edas espec\u00edficas sobre los Servicios y Contenidos; la Empresa excluye todas las garant\u00edas en la medida que las leyes vigentes lo permitan.<\/p>\r\n\r\n<p>De conformidad con los T\u00e9rminos y Condiciones, la Empresa no asume ni asumir\u00e1 ning\u00fan tipo de responsabilidad frente a ninguna persona, derivada o que pudiera derivarse por los Servicios y Contenidos, navegaci\u00f3n en el Portal, consultas, aclaraciones y\/o cualquier otra clase de respuesta otorgada por parte de la Empresa por cualquier medio de comunicaci\u00f3n.<\/p>\r\n\r\n<p>El Usuario se obliga a dejar en paz y a salvo a la Empresa, a sus accionistas, subsidiarias, afiliadas, funcionarios, directores, empleados, asesores, apoderados, representantes y\/o cualquier persona relacionada con esta, de cualquier responsabilidad que pudiera imputarse en virtud y\/o en relaci\u00f3n con el Portal, la prestaci\u00f3n de los Servicios y Contenidos o cualquier otro derivado de los presentes T\u00e9rminos y Condiciones.<\/p>\r\n\r\n<p>El Usuario entiende y acepta que la Empresa se encontrar\u00e1 limitada por responsabilidad de cualquier tipo, en todos los casos, al monto pagado como contraprestaci\u00f3n por los Servicios y Contenidos.<\/p>\r\n\r\n<p><strong>5.1 DEVOLUCIONES Y CANCELACIONES<\/strong>. Para seguridad de los Usuarios, en cualquier momento podr\u00e1n cancelar los Servicios y Contenidos que adquieran en el Portal, a su entera discreci\u00f3n y sin responsabilidad alguna.\u00a0<\/p>\r\n\r\n<p><strong>6. BIENES Y SERVICIOS DE TERCEROS ENLAZADOS<\/strong>. El hecho de que se ofrezca informaci\u00f3n en el Portal o en otros sitios ligados o vinculados, no implica la recomendaci\u00f3n, garant\u00eda, patrocinio o aprobaci\u00f3n por parte de la Empresa respecto de dicha informaci\u00f3n, bienes y\/o servicios. La disponibilidad de bienes y\/o servicios ofertados por terceros o por sitios ligados o vinculados, no es responsabilidad de la Empresa. En virtud de lo anterior, la Empresa no ser\u00e1 responsable ante cualquier autoridad de cualquier naturaleza, por cualquier asunto relacionado con la venta, consumo, distribuci\u00f3n, entrega, disponibilidad o prestaci\u00f3n con respecto de cualquiera de los bienes y\/o servicios ofertados por terceros o por sitios ligados o vinculados a trav\u00e9s del Portal.<\/p>\r\n\r\n<p>Respecto de los Servicios y Contenidos que prestan terceros dentro o mediante enlaces a el Portal (tales como ligas, banners y botones), la Empresa se limita exclusivamente, para conveniencia del Usuario, a: (i) informar al Usuario sobre los mismos y, (ii) a proporcionar un medio para poner en contacto al Usuario con proveedores o vendedores. Toda asesor\u00eda, consejo, declaraci\u00f3n, informaci\u00f3n y contenido de las p\u00e1ginas de terceros enlazadas o dentro del Portal representan las opiniones y juicios de dicho tercero, consecuentemente, la Empresa no ser\u00e1 responsable de ning\u00fan da\u00f1o o perjuicio que sufra el Usuario a consecuencia de estos.<\/p>\r\n\r\n<p><strong>7. CONFIDENCIALIDAD<\/strong>. La Empresa se obliga a mantener confidencial la informaci\u00f3n que reciba del Usuario que tenga dicho car\u00e1cter conforme a las disposiciones legales aplicables en los Estados Unidos Mexicanos; la Empresa no asume ninguna obligaci\u00f3n de mantener confidencial cualquier otra informaci\u00f3n que el Usuario le proporcione.\u00a0<\/p>\r\n\r\n<p><strong>8. USO DE LA INFORMACI\u00d3N NO CONFIDENCIAL<\/strong>. Mediante el uso del Portal, el Usuario autoriza a la Empresa, de manera enunciativa m\u00e1s no limitativa, a utilizar, publicar, reproducir, divulgar, comunicar p\u00fablicamente y transmitir la informaci\u00f3n no confidencial, en t\u00e9rminos de lo establecido en la Ley Federal de Protecci\u00f3n de Datos Personales en Posesi\u00f3n de Particulares, en la Ley Federal de los Derechos de Autor, en la Ley Federal de Protecci\u00f3n al Consumidor y en cualquiera otra aplicable en la legislaci\u00f3n mexicana.\u00a0<\/p>\r\n\r\n<p><strong>9. COOKIES<\/strong>. El Usuario que tenga acceso al Portal, conviene en recibir archivos que les transmitan los servidores de la Empresa. Una &#8220;Cookie&#8221; es un archivo de datos que se almacena en el disco duro de la computadora del Usuario cuando \u00e9ste acceda al Portal. Dichos archivos pueden contener informaci\u00f3n tal como la identificaci\u00f3n proporcionada por el Usuario o informaci\u00f3n para rastrear las p\u00e1ginas que el Usuario ha visitado. Una Cookie no puede leer los datos o informaci\u00f3n del disco duro del Usuario ni leer las Cookies creadas por otros sitios o p\u00e1ginas.<\/p>\r\n\r\n<p>Generalmente, las Cookies son aceptadas autom\u00e1ticamente, el Usuario puede cambiar la configuraci\u00f3n de su navegador en cualquier momento. En caso de que el Usuario decida rechazar las Cookies, es posible que ciertas secciones del Portal no tengan su funcionamiento \u00f3ptimo o incluso no funcionen en absoluto.\u00a0<\/p>\r\n\r\n<p><strong>10. AVISO DE PRIVACIDAD DE DATOS PERSONALES<\/strong>. Toda la informaci\u00f3n que la Empresa recabe del Usuario es tratada con absoluta confidencialidad conforme las disposiciones legales aplicables en la legislaci\u00f3n mexicana.<\/p>\r\n\r\n<p><strong>11. CLAVES DE ACCESO<\/strong>. En todo momento, el Usuario es el responsable \u00fanico y final de mantener en secreto las claves de acceso que pudiera tener y con las cuales tuviera acceso a ciertos Servicios y Contenidos del Portal.\u00a0<\/p>\r\n\r\n<p><strong>12. MODIFICACIONES<\/strong>. La Empresa tendr\u00e1 el derecho de modificar, en cualquier momento, los T\u00e9rminos y Condiciones, sin previo aviso y\/o consentimiento del Usuario. En consecuencia, el Usuario debe leer atentamente los T\u00e9rminos y Condiciones cada vez que pretenda utilizar el Portal. Ciertos Servicios y Contenidos ofrecidos a los Usuarios en y\/o a trav\u00e9s del Portal est\u00e1n sujetos a condiciones particulares propias que sustituyen, completan y\/o modifican los presentes T\u00e9rminos y Condiciones. Consiguientemente, el Usuario tambi\u00e9n debe leer atentamente las correspondientes condiciones particulares antes de acceder a cualquiera de los Servicios y Contenidos.<\/p>\r\n\r\n<p><strong>13. LEYES APLICABLES Y JURISDICCI\u00d3N<\/strong>. Para la interpretaci\u00f3n, cumplimiento y ejecuci\u00f3n de los presentes T\u00e9rminos y Condiciones, el Usuario est\u00e1 de acuerdo en que ser\u00e1n aplicables las leyes Federales de los Estados Unidos Mexicanos y competentes los tribunales de Guadalajara Jalisco, renunciando expresamente a cualquier otro fuero o jurisdicci\u00f3n que pudiera corresponderles debido a sus domicilios presentes o futuros o por cualquier otra causa.<\/p>\r\n\t\t\t\t\t\t<\/div>\n\t\t\t\t<\/div>\n\t\t\t\t<\/div>\n\t\t\t\t\t<\/div>\n\t\t\t\t<\/div>\n\t\t\t\t<\/div>\n\t\t\t\t<\/div>\n\t\t","protected":false},"excerpt":{"rendered":"<p>A los Usuarios, les informamos que los siguientes T\u00e9rminos y Condiciones les son aplicables por el simple uso o acceso a cualquiera de las p\u00e1ginas, aplicaciones web y m\u00f3viles, softwares y, aplicaciones en general, que integran el Portal de www.felisa.com.mx (en adelante y, conjunta e indistintamente, el &#8220;Portal&#8221;), por lo que entenderemos que los acepta [&hellip;]<\/p>\n","protected":false},"author":4,"featured_media":0,"parent":0,"menu_order":0,"comment_status":"closed","ping_status":"closed","template":"elementor_header_footer","meta":{"_acf_changed":false,"footnotes":""},"class_list":["post-5135","page","type-page","status-publish","hentry"],"acf":[],"aioseo_notices":[],"_links":{"self":[{"href":"https:\/\/felisa.com.mx\/en\/wp-json\/wp\/v2\/pages\/5135"}],"collection":[{"href":"https:\/\/felisa.com.mx\/en\/wp-json\/wp\/v2\/pages"}],"about":[{"href":"https:\/\/felisa.com.mx\/en\/wp-json\/wp\/v2\/types\/page"}],"author":[{"embeddable":true,"href":"https:\/\/felisa.com.mx\/en\/wp-json\/wp\/v2\/users\/4"}],"replies":[{"embeddable":true,"href":"https:\/\/felisa.com.mx\/en\/wp-json\/wp\/v2\/comments?post=5135"}],"version-history":[{"count":7,"href":"https:\/\/felisa.com.mx\/en\/wp-json\/wp\/v2\/pages\/5135\/revisions"}],"predecessor-version":[{"id":5206,"href":"https:\/\/felisa.com.mx\/en\/wp-json\/wp\/v2\/pages\/5135\/revisions\/5206"}],"wp:attachment":[{"href":"https:\/\/felisa.com.mx\/en\/wp-json\/wp\/v2\/media?parent=5135"}],"curies":[{"name":"wp","href":"https:\/\/api.w.org\/{rel}","templated":true}]}}