{"id":5148,"date":"2024-06-20T19:20:08","date_gmt":"2024-06-20T19:20:08","guid":{"rendered":"https:\/\/felisa.com.mx\/aviso-de-privacidad\/"},"modified":"2024-10-09T18:55:31","modified_gmt":"2024-10-09T18:55:31","slug":"aviso-de-privacidad","status":"publish","type":"page","link":"https:\/\/felisa.com.mx\/en\/aviso-de-privacidad\/","title":{"rendered":"Aviso de privacidad"},"content":{"rendered":"\t\t<div data-elementor-type=\"wp-page\" data-elementor-id=\"5148\" class=\"elementor elementor-5148 elementor-3\" data-elementor-post-type=\"page\">\n\t\t\t\t<div class=\"elementor-element elementor-element-d0147a5 e-con-full e-flex e-con e-parent\" data-id=\"d0147a5\" data-element_type=\"container\">\n\t\t<div class=\"elementor-element elementor-element-11fefe2 e-flex e-con-boxed e-con e-child\" data-id=\"11fefe2\" data-element_type=\"container\">\n\t\t\t\t\t<div class=\"e-con-inner\">\n\t\t<div class=\"elementor-element elementor-element-b5c0b2e e-con-full e-flex e-con e-child\" data-id=\"b5c0b2e\" data-element_type=\"container\">\n\t\t\t\t<div class=\"elementor-element elementor-element-5c869ff elementor-widget elementor-widget-theme-post-title elementor-page-title elementor-widget-heading\" data-id=\"5c869ff\" data-element_type=\"widget\" data-widget_type=\"theme-post-title.default\">\n\t\t\t\t<div class=\"elementor-widget-container\">\n\t\t\t<h1 class=\"elementor-heading-title elementor-size-default\">Aviso de privacidad<\/h1>\t\t<\/div>\n\t\t\t\t<\/div>\n\t\t\t\t<\/div>\n\t\t\t\t\t<\/div>\n\t\t\t\t<\/div>\n\t\t\t\t<\/div>\n\t\t<div class=\"elementor-element elementor-element-ee3c32c e-con-full e-flex e-con e-parent\" data-id=\"ee3c32c\" data-element_type=\"container\">\n\t\t<div class=\"elementor-element elementor-element-c32dc3f e-flex e-con-boxed e-con e-child\" data-id=\"c32dc3f\" data-element_type=\"container\">\n\t\t\t\t\t<div class=\"e-con-inner\">\n\t\t<div class=\"elementor-element elementor-element-94427b7 e-con-full e-flex e-con e-child\" data-id=\"94427b7\" data-element_type=\"container\">\n\t\t\t\t<div class=\"elementor-element elementor-element-68101e7 elementor-widget elementor-widget-text-editor\" data-id=\"68101e7\" data-element_type=\"widget\" data-widget_type=\"text-editor.default\">\n\t\t\t\t<div class=\"elementor-widget-container\">\n\t\t\t\t\t\t\t<p>En cumplimiento con la Ley Federal de Protecci\u00f3n de Datos Personales en Posesi\u00f3n de los Particulares, Fabricantes Feligneo, S.A. de C.V. Con domicilio en la calle Alfonso Garz\u00f3n Santib\u00e1\u00f1ez No. 7, Col. Ind\u00edgena San Juan de Ocotan, Zapopan, Jalisco C.P. 45019; fungir\u00e1 como entidad responsable en el tratamiento de los datos personales que proporcione, as\u00ed como de actos pasados o futuros en relaci\u00f3n con los productos, mobiliario, insumos y servicios que Fabricantes Feligneo S.A. de C.V. comercializa.<\/p>\r\n<p><strong>Finalidad del tratamiento de datos personales.<br \/><\/strong>A trav\u00e9s de este aviso de privacidad Fabricantes Feligneo S.A. de C.V. le informa que las finalidades en el tratamiento de sus datos personales podr\u00e1n ser las siguientes: a) fines comerciales: con el objeto de dar a conocer promociones, informaci\u00f3n sobre nuevos productos y servicios y cualquier otro promocional y publicidad sobre la actividad comercial que Fabricantes Feligneo S.A. de C.V. considere necesario u oportuno as\u00ed como la elaboraci\u00f3n de cualquier documento que Fabricantes Feligneo S.A. de C.V. necesite para realizar sus actividades; y\/o b) fines informativos: con el objeto de dar a conocer la informaci\u00f3n y servicios que usted ha solicitado, para comunicarle el estado e informaci\u00f3n de los tr\u00e1mites que usted ha iniciado con Fabricantes Feligneo S.A. de C.V. , para proporcionarle toda clase de informaci\u00f3n que Fabricantes Feligneo S.A. de C.V. considere \u00fatil e importante para usted; y\/o c) comunicaci\u00f3n: con el objeto de mantener comunicaci\u00f3n sobre temas de inter\u00e9s como precios, cotizaciones, promociones, as\u00ed como actualizaci\u00f3n de datos y avisos especiales, con el fin de que Fabricantes Feligneo S.A. de C.V. pueda mantener una comunicaci\u00f3n actualizada y eficiente con usted.<\/p>\r\n<p><strong>Transferencia de Datos:<br \/><\/strong>Para poder realizar las actividades descritas con anterioridad, existe la posibilidad de que sus datos sean transferidos tanto en territorio nacional como en el extranjero a compa\u00f1\u00edas filiales, terceros y socios comerciales as\u00ed como a terceros prestadores de servicios correlacionados; si usted no manifiesta oposici\u00f3n sobre la transferencia de datos personales se entiende que ha otorgado su consentimiento para ello; la trasferencia de datos se podr\u00e1 realizar, entre otros, en los siguientes casos: i) Para los fines inherentes a la actividad comercial que proporciona Fabricantes Feligneo S.A. de C.V. y que usted conoce. ii) En todos y cada uno de los casos previstos en la ley. iii) Para fines estad\u00edsticos, de logistica interna y supervisi\u00f3n tanto en los productos y servicios como en la calidad de los mismos.<\/p>\r\n<p><strong>Derechos de Acceso, Rectificaci\u00f3n, Cancelaci\u00f3n u Oposici\u00f3n: <br \/><\/strong>El titular de los datos personales podr\u00e1 ejercer sus derechos de Acceso, Rectificaci\u00f3n, Cancelaci\u00f3n u Oposici\u00f3n, as\u00ed como revocar su consentimiento, de conformidad con la siguiente regulaci\u00f3n: El titular de los datos personales en cuesti\u00f3n deber\u00e1 entregar a Fabricantes Feligneo S.A. de C.V. una solicitud escrita en la que indique el nombre completo del titular, domicilio, descripci\u00f3n precisa de los datos respecto de los cuales desea ejercer alguna de las acciones antes se\u00f1aladas; dicha solicitud deber\u00e1 estar firmada por el titular de los datos personales y se presentar\u00e1 acompa\u00f1ada de una copia fotost\u00e1tica de alguna identificaci\u00f3n oficial con fotograf\u00eda. El escrito deber\u00e1 ser presentado en las instalaciones de Fabricantes Feligneo S.A. de C.V. ubicadas calle Alfonso Garz\u00f3n Santib\u00e1\u00f1ez No. 7, Col. Ind\u00edgena San Juan de Ocotan, Zapopan, Jalisco C.P. 45019 con tel\u00e9fono: 3110-6077, en los horarios laborales. a Fabricantes Feligneo S.A. de C.V tendr\u00e1 un plazo de 20 d\u00edas h\u00e1biles para dar respuesta a su solicitud.<\/p>\r\n<p><strong>Cualquier modificaci\u00f3n a este Aviso de Privacidad podr\u00e1 ser consultada a trav\u00e9s de este medio electr\u00f3nico.<\/strong><\/p>\t\t\t\t\t\t<\/div>\n\t\t\t\t<\/div>\n\t\t\t\t<\/div>\n\t\t\t\t\t<\/div>\n\t\t\t\t<\/div>\n\t\t\t\t<\/div>\n\t\t\t\t<\/div>\n\t\t","protected":false},"excerpt":{"rendered":"<p>En cumplimiento con la Ley Federal de Protecci\u00f3n de Datos Personales en Posesi\u00f3n de los Particulares, Fabricantes Feligneo, S.A. de C.V. Con domicilio en la calle Alfonso Garz\u00f3n Santib\u00e1\u00f1ez No. 7, Col. Ind\u00edgena San Juan de Ocotan, Zapopan, Jalisco C.P. 45019; fungir\u00e1 como entidad responsable en el tratamiento de los datos personales que proporcione, as\u00ed [&hellip;]<\/p>\n","protected":false},"author":1,"featured_media":0,"parent":0,"menu_order":0,"comment_status":"closed","ping_status":"closed","template":"elementor_header_footer","meta":{"_acf_changed":false,"footnotes":""},"class_list":["post-5148","page","type-page","status-publish","hentry"],"acf":[],"aioseo_notices":[],"_links":{"self":[{"href":"https:\/\/felisa.com.mx\/en\/wp-json\/wp\/v2\/pages\/5148"}],"collection":[{"href":"https:\/\/felisa.com.mx\/en\/wp-json\/wp\/v2\/pages"}],"about":[{"href":"https:\/\/felisa.com.mx\/en\/wp-json\/wp\/v2\/types\/page"}],"author":[{"embeddable":true,"href":"https:\/\/felisa.com.mx\/en\/wp-json\/wp\/v2\/users\/1"}],"replies":[{"embeddable":true,"href":"https:\/\/felisa.com.mx\/en\/wp-json\/wp\/v2\/comments?post=5148"}],"version-history":[{"count":7,"href":"https:\/\/felisa.com.mx\/en\/wp-json\/wp\/v2\/pages\/5148\/revisions"}],"predecessor-version":[{"id":5212,"href":"https:\/\/felisa.com.mx\/en\/wp-json\/wp\/v2\/pages\/5148\/revisions\/5212"}],"wp:attachment":[{"href":"https:\/\/felisa.com.mx\/en\/wp-json\/wp\/v2\/media?parent=5148"}],"curies":[{"name":"wp","href":"https:\/\/api.w.org\/{rel}","templated":true}]}}